{"id":9,"date":"2024-11-10T21:20:41","date_gmt":"2024-11-10T21:20:41","guid":{"rendered":"https:\/\/www.gencayakademi.com\/onlineders\/register\/"},"modified":"2024-11-10T21:20:41","modified_gmt":"2024-11-10T21:20:41","slug":"register","status":"publish","type":"page","link":"https:\/\/www.gencayakademi.com\/onlineders\/register\/","title":{"rendered":"Register"},"content":{"rendered":"<div class=\"iump-register-form ihc-register-8\"><form name=\"createuser\" id=\"createuser\" class=\"ihc-form-create-edit\" enctype=\"multipart\/form-data\" method=\"post\" action=\"\">\r\n\r\n    \r\n        <!-- loop throught fields -->\r\n                                <div class=\"iump-form-line-register iump-form-text iump-form-user_login\" id=\"ihc_reg_user_login_9996\" >\r\n\r\n              \r\n                <input type=\"text\" name=\"user_login\"  class=\"\" value=\"\" placeholder=\"*Kullan\u0131c\u0131 Ad\u0131\"   \/>\r\n                <!-- print the errors if its case -->\r\n                \r\n            <\/div>\r\n                                <div class=\"iump-form-line-register iump-form-text iump-form-user_email\" id=\"ihc_reg_user_email_8943\" >\r\n\r\n              \r\n                <input type=\"text\" name=\"user_email\"  class=\"\" value=\"\" placeholder=\"*Email\"   \/>\r\n                <!-- print the errors if its case -->\r\n                \r\n            <\/div>\r\n                                <div class=\"iump-form-line-register iump-form-text iump-form-first_name\" id=\"ihc_reg_first_name_1129\" >\r\n\r\n              \r\n                <input type=\"text\" name=\"first_name\"  class=\"\" value=\"\" placeholder=\"*Ad\u0131\"   \/>\r\n                <!-- print the errors if its case -->\r\n                \r\n            <\/div>\r\n                                <div class=\"iump-form-line-register iump-form-text iump-form-last_name\" id=\"ihc_reg_last_name_8772\" >\r\n\r\n              \r\n                <input type=\"text\" name=\"last_name\"  class=\"\" value=\"\" placeholder=\"*Soyad\u0131\"   \/>\r\n                <!-- print the errors if its case -->\r\n                \r\n            <\/div>\r\n                                <div class=\"iump-form-line-register iump-form-password iump-form-pass1\" id=\"ihc_reg_pass1_6654\" >\r\n\r\n              \r\n                <input type=\"password\" name=\"pass1\"  class=\"\" value=\"\" placeholder=\"*\u015eifre\"  data-rules=\"6,1\"\/><span class=\"ihc-hide-pw hide-if-no-js\" data-toggle=\"0\" aria-label=\"Show password\">\r\n            <span class=\"dashicons dashicons-visibility\" aria-hidden=\"true\"><\/span>\r\n          <\/span><div class=\"ihc-strength-wrapper\"><ul class=\"ihc-strength\"><li class=\"point\"><\/li><li class=\"point\"><\/li><li class=\"point\"><\/li><li class=\"point\"><\/li><li class=\"point\"><\/li><\/ul><div class=\"ihc-strength-label\"><\/div><\/div>\r\n                <!-- print the errors if its case -->\r\n                \r\n            <\/div>\r\n                                <div class=\"iump-form-line-register iump-form-password iump-form-pass2\" id=\"ihc_reg_pass2_462\" >\r\n\r\n              \r\n                <input type=\"password\" name=\"pass2\"  class=\"\" value=\"\" placeholder=\"*\u015eifre Tekrar\"  data-rules=\"6,1\"\/><span class=\"ihc-hide-pw hide-if-no-js\" data-toggle=\"0\" aria-label=\"Show password\">\r\n            <span class=\"dashicons dashicons-visibility\" aria-hidden=\"true\"><\/span>\r\n          <\/span><div class=\"ihc-strength-wrapper\"><ul class=\"ihc-strength\"><li class=\"point\"><\/li><li class=\"point\"><\/li><li class=\"point\"><\/li><li class=\"point\"><\/li><li class=\"point\"><\/li><\/ul><div class=\"ihc-strength-label\"><\/div><\/div>\r\n                <!-- print the errors if its case -->\r\n                \r\n            <\/div>\r\n                                <div class=\"iump-form-line-register iump-form-text iump-form-sehir\" id=\"ihc_reg_sehir_9861\" >\r\n\r\n              \r\n                <input type=\"text\" name=\"sehir\"  class=\"\" value=\"\" placeholder=\"*\u015eehir\"   \/>\r\n                <!-- print the errors if its case -->\r\n                \r\n            <\/div>\r\n                                <div class=\"iump-form-line-register iump-form-upload_image iump-form-ihc_avatar\" id=\"ihc_reg_ihc_avatar_6613\" >\r\n\r\n                                  <label class=\"iump-labels-register\">\r\n                                                Avatar                    <\/label>\r\n              \r\n                \r\n\r\n<span class=\"ihc-js-upload-image-data\"\r\n      data-rand=\"950\"\r\n      data-url=\"https:\/\/www.gencayakademi.com\/onlineders\/wp-admin\/admin-ajax.php?action=ihc_ajax_public_upload_file&#038;ihcpublicn=ea1580fa69\"\r\n      data-bttn_label=\"Y\u00fckle\"\r\n      data-name=\"ihc_avatar\"\r\n    ><\/span>\r\n\r\n<div class=\"ihc-upload-image-wrapper\">\r\n\r\n    <div class=\"ihc-upload-image-wrapp ihc-js-upload-image-wrapp\" >\r\n                                    <div class=\"ihc-no-avatar ihc-member-photo\"><\/div>\r\n                            <div class=\"ihc-clear\"><\/div>\r\n    <\/div>\r\n    <div class=\"ihc-content-left\">\r\n             \t <div class=\"ihc-avatar-trigger \" id=\"js_ihc_trigger_avatar950\" >\r\n            <div id=\"ihc-avatar-button\" class=\"ihc-upload-avatar\">Y\u00fckle<\/div>\r\n         <\/div>\r\n                <span class=\"ihc-upload-image-remove-bttn \" id=\"ihc_upload_image_remove_bttn_950\">Remove<\/span>\r\n    <\/div>\r\n    <input type=\"hidden\" value=\"\" name=\"ihc_avatar\" id=\"ihc_upload_hidden_950\" data-new_user=\"1\" \/>\r\n\r\n    <\/div>\r\n\r\n                <!-- print the errors if its case -->\r\n                \r\n            <\/div>\r\n                                <div class=\"iump-form-line-register iump-form-tos iump-form-tos\" id=\"ihc_reg_tos_3662\" >\r\n\r\n                                  <label class=\"iump-labels-register\">\r\n                                                                    <\/label>\r\n              \r\n                <div class=\"ihc-tos-wrap\" id=\"ihc_tos_field_parent_839\">\r\n    <input type=\"checkbox\" value=\"1\" name=\"tos\" class=\"\" \/>\r\n    <a href=\"https:\/\/www.gencayakademi.com\/onlineders\/member-tos-page\/\" target=\"_blank\">Accept our Terms&amp;Conditions<\/a>\r\n<\/div>\r\n\r\n                <!-- print the errors if its case -->\r\n                \r\n            <\/div>\r\n                <!-- end of loop fields -->\r\n\r\n        \r\n        <div class=\"iump-submit-form\">\r\n            <input type=\"submit\" name=\"Submit\" value=\"Kay\u0131t Ol\" class=\"button button-primary button-large\" id=\"ihc_submit_bttn\" data-standard-label=\"Kay\u0131t Ol\" data-loading-label=\"Please wait...\"  \/>\r\n        <\/div>\r\n\r\n        \r\n                <input type=\"hidden\" name=\"ihcFormType\"  class=\"\" value=\"register\"  \/>              <input type=\"hidden\" name=\"ihcaction\"  class=\"\" value=\"register\"  \/>              <input type=\"hidden\" name=\"ihc_user_add_edit_nonce\"  class=\"\" value=\"2fddd1fa64\"  \/>        \r\n<\/form>\r\n<\/div>\n","protected":false},"excerpt":{"rendered":"","protected":false},"author":1,"featured_media":0,"parent":0,"menu_order":0,"comment_status":"closed","ping_status":"closed","template":"","meta":{"footnotes":""},"class_list":["post-9","page","type-page","status-publish","hentry"],"_links":{"self":[{"href":"https:\/\/www.gencayakademi.com\/onlineders\/wp-json\/wp\/v2\/pages\/9","targetHints":{"allow":["GET"]}}],"collection":[{"href":"https:\/\/www.gencayakademi.com\/onlineders\/wp-json\/wp\/v2\/pages"}],"about":[{"href":"https:\/\/www.gencayakademi.com\/onlineders\/wp-json\/wp\/v2\/types\/page"}],"author":[{"embeddable":true,"href":"https:\/\/www.gencayakademi.com\/onlineders\/wp-json\/wp\/v2\/users\/1"}],"replies":[{"embeddable":true,"href":"https:\/\/www.gencayakademi.com\/onlineders\/wp-json\/wp\/v2\/comments?post=9"}],"version-history":[{"count":0,"href":"https:\/\/www.gencayakademi.com\/onlineders\/wp-json\/wp\/v2\/pages\/9\/revisions"}],"wp:attachment":[{"href":"https:\/\/www.gencayakademi.com\/onlineders\/wp-json\/wp\/v2\/media?parent=9"}],"curies":[{"name":"wp","href":"https:\/\/api.w.org\/{rel}","templated":true}]}}