{"id":6456,"date":"2020-09-24T12:30:31","date_gmt":"2020-09-24T12:30:31","guid":{"rendered":"http:\/\/192.168.0.110\/educavo\/?page_id=6456"},"modified":"2024-12-30T16:25:59","modified_gmt":"2024-12-30T16:25:59","slug":"course-two","status":"publish","type":"page","link":"https:\/\/www.gencayakademi.com\/onlineders\/course-two\/","title":{"rendered":"Dosyalar"},"content":{"rendered":"\t\t<div data-elementor-type=\"wp-page\" data-elementor-id=\"6456\" class=\"elementor elementor-6456\" data-elementor-post-type=\"page\">\n\t\t\t\t<div class=\"elementor-element elementor-element-2f0ac3d e-flex e-con-boxed e-con e-parent\" data-id=\"2f0ac3d\" data-element_type=\"container\">\n\t\t\t\t\t<div class=\"e-con-inner\">\n\t\t\t\t<div class=\"elementor-element elementor-element-53a7169 elementor-widget elementor-widget-shortcode\" data-id=\"53a7169\" data-element_type=\"widget\" data-widget_type=\"shortcode.default\">\n\t\t\t\t<div class=\"elementor-widget-container\">\n\t\t\t\t\t\t\t<div class=\"elementor-shortcode\">    <form method=\"GET\" action=\"\">\n\t\t<div class=\"row\">\n\t\t\t<div class='col'>\n\t\t\t\t<label for=\"sinif\">S\u0131n\u0131f:<\/label>\n\t\t\t\t<select id=\"sinif\" name=\"sinif\">\n\t\t\t\t\t<option value=\"\">- S\u0131n\u0131f Se\u00e7 -<\/option>\n\t\t\t\t\t<option value=\"9-sinif\" >9. S\u0131n\u0131f<\/option>\n\t\t\t\t\t<option value=\"10-sinif\" >10. S\u0131n\u0131f<\/option>\n\t\t\t\t\t<option value=\"11-sinif\" >11. S\u0131n\u0131f<\/option>\n\t\t\t\t\t<option value=\"12-sinif\" >12. S\u0131n\u0131f<\/option>\n\t\t\t\t\t<option value=\"tyt-ayt\" >TYT-AYT<\/option>\n\t\t\t\t<\/select>\n\t\t\t<\/div>\n\n\t\t\t<div class='col'>\n\t\t\t\t<label for=\"ders\">Ders:<\/label>\n\t\t\t\t<select id=\"ders\" name=\"ders\">\n\t\t\t\t\t<option value=\"\">- Ders Se\u00e7 -<\/option>\n\t\t\t\t\t<option value=\"matematik\" >Matematik<\/option>\n\t\t\t\t\t<option value=\"fizik\" >Fizik<\/option>\n\t\t\t\t\t<option value=\"kimya\" >Kimya<\/option>\n\t\t\t\t\t<option value=\"biyoloji\" >Biyoloji<\/option>\n\t\t\t\t\t<option value=\"cografya\" >Co\u011frafya<\/option>\n\t\t\t\t<\/select>\n\t\t\t<\/div>\n\t\t\t\n\t\t\t<div class='col'>\n                <label for=\"exam\">D\u00f6nem\/Yaz\u0131l\u0131:<\/label>\n                <select id=\"exam\" name=\"exam\">\n                    <option value=\"\">- D\u00f6nem ve Yaz\u0131l\u0131 Se\u00e7 -<\/option>\n                    <option value=\"donem1-yazililar1\" >1. D\u00f6nem 1. Yaz\u0131l\u0131<\/option>\n                    <option value=\"donem1-yazililar2\" >1. D\u00f6nem 2. Yaz\u0131l\u0131<\/option>\n                    <option value=\"donem2-yazililar1\" >2. D\u00f6nem 1. Yaz\u0131l\u0131<\/option>\n                    <option value=\"donem2-yazililar2\" >2. D\u00f6nem 2. Yaz\u0131l\u0131<\/option>\n\t\t\t\t\t<option value=\"calismakagitlari\"  >\u00c7al\u0131\u015fma Ka\u011f\u0131tlar\u0131<\/option>\n                <\/select>\n            <\/div>\n\t\t<\/div>\n\t\t<div class='btn-submit'>\n\t\t\t<button type=\"submit\"\n\t\t\t\tstyle=\"color: #fff; background-color: #443a6c; border: none; border-radius: 0%; padding: 10px 30px; font-size: 14px; cursor: pointer;\">\n\t\t\t\tFiltrele\n\t\t\t<\/button>\n\t\t<\/div>\n    <\/form>\n    <\/div>\n\t\t\t\t\t\t<\/div>\n\t\t\t\t<\/div>\n\t\t\t\t\t<\/div>\n\t\t\t\t<\/div>\n\t\t\t\t<\/div>\n\t\t","protected":false},"excerpt":{"rendered":"","protected":false},"author":1,"featured_media":0,"parent":0,"menu_order":0,"comment_status":"closed","ping_status":"closed","template":"","meta":{"footnotes":""},"class_list":["post-6456","page","type-page","status-publish","hentry"],"_links":{"self":[{"href":"https:\/\/www.gencayakademi.com\/onlineders\/wp-json\/wp\/v2\/pages\/6456","targetHints":{"allow":["GET"]}}],"collection":[{"href":"https:\/\/www.gencayakademi.com\/onlineders\/wp-json\/wp\/v2\/pages"}],"about":[{"href":"https:\/\/www.gencayakademi.com\/onlineders\/wp-json\/wp\/v2\/types\/page"}],"author":[{"embeddable":true,"href":"https:\/\/www.gencayakademi.com\/onlineders\/wp-json\/wp\/v2\/users\/1"}],"replies":[{"embeddable":true,"href":"https:\/\/www.gencayakademi.com\/onlineders\/wp-json\/wp\/v2\/comments?post=6456"}],"version-history":[{"count":18,"href":"https:\/\/www.gencayakademi.com\/onlineders\/wp-json\/wp\/v2\/pages\/6456\/revisions"}],"predecessor-version":[{"id":12488,"href":"https:\/\/www.gencayakademi.com\/onlineders\/wp-json\/wp\/v2\/pages\/6456\/revisions\/12488"}],"wp:attachment":[{"href":"https:\/\/www.gencayakademi.com\/onlineders\/wp-json\/wp\/v2\/media?parent=6456"}],"curies":[{"name":"wp","href":"https:\/\/api.w.org\/{rel}","templated":true}]}}